{"id":572,"date":"2025-11-05T19:20:38","date_gmt":"2025-11-05T19:20:38","guid":{"rendered":"https:\/\/couleursgourmandises.com\/?page_id=572"},"modified":"2025-11-05T22:14:58","modified_gmt":"2025-11-05T22:14:58","slug":"pieces-cocktails","status":"publish","type":"page","link":"https:\/\/couleursgourmandises.com\/index.php\/pieces-cocktails\/","title":{"rendered":"Pi\u00e8ces Cocktails"},"content":{"rendered":"\t\t<div data-elementor-type=\"wp-page\" data-elementor-id=\"572\" class=\"elementor elementor-572\" data-elementor-post-type=\"page\">\n\t\t\t\t<div class=\"elementor-element elementor-element-5a9a011 e-flex e-con-boxed e-con e-parent\" data-id=\"5a9a011\" data-element_type=\"container\" data-e-type=\"container\">\n\t\t\t\t\t<div class=\"e-con-inner\">\n\t\t\t\t<div class=\"elementor-element elementor-element-5126cf7 elementor-widget elementor-widget-text-editor\" data-id=\"5126cf7\" data-element_type=\"widget\" data-e-type=\"widget\" data-widget_type=\"text-editor.default\">\n\t\t\t\t\t\t\t\t\t<p class=\"p1\">Laissez vos papilles voyager\u00a0: nos pi\u00e8ces cocktails artisanales, fra\u00eecheur et saveurs garanties. Con\u00e7ues sur mesure selon vos envies, elles surprennent par leurs saveurs authentiques.<\/p><p class=\"p2\"><b>\u00a0<\/b><\/p><p class=\"p1\"><span class=\"s1\">Tarif<\/span>\u00a0:\u00a0<b>\u00e0 partir de 14\u20ac H.T par personne<\/b>.<\/p><p class=\"p2\"><b>\u00a0<\/b><\/p><p class=\"p1\"><span class=\"s1\"><b>SIMPLEMENT BLEUE\u00a0: 5 pi\u00e8ces &#8211; 2 pi\u00e8ces Sucr\u00e9es<\/b><\/span><\/p><p class=\"p2\"><b>\u00a0<\/b><\/p><p class=\"p1\">Tomate s\u00e9ch\u00e9e, bille de mozzarella,<\/p><p class=\"p1\">Pousse d\u2019\u00e9pinard<\/p><p class=\"p1\">Mini club effiloch\u00e9 de poulet<\/p><p class=\"p1\">Charcuterie, fromage marin\u00e9, poivron,olive<\/p><p class=\"p1\">Blini rillette de thon \u00e9pic\u00e9<\/p><p class=\"p1\">Carr\u00e9 gourmand<\/p><p class=\"p1\">Chocolat Brochette de fruit (de saison)<\/p><p class=\"p2\"><b>\u00a0<\/b><\/p><p class=\"p2\"><b>\u00a0<\/b><\/p><p class=\"p1\"><span class=\"s1\"><b>SIMPLEMENT ROUGE\u00a0: 6 pi\u00e8ces sal\u00e9es &#8211; 3 pi\u00e8ces sucr\u00e9es<\/b><\/span><\/p><p class=\"p2\"><b>\u00a0<\/b><\/p><p class=\"p1\">Bouch\u00e9e fromag\u00e8re, herbe fraiche<\/p><p class=\"p1\">Bouch\u00e9e chorizo qui pique<\/p><p class=\"p1\">Tartine l\u00e9gumes grill\u00e9s pesto rouge, pignon<\/p><p class=\"p1\">Verrine Tzatz\u00edki concombre, petit pois<\/p><p class=\"p1\">Verrine rillette de poulet, crackers maison, noix et graines\u00a0<\/p><p class=\"p1\">Brochette truffe de thon<\/p><p class=\"p1\">Croquant choco noisette<\/p><p class=\"p1\">Financier fruit rouge<\/p><p class=\"p1\">Brochette de fruit (de saison)<\/p><p class=\"p2\"><b>\u00a0<\/b><\/p><p class=\"p2\"><b>\u00a0<\/b><\/p><p class=\"p1\"><span class=\"s1\"><b>SIMPLEMENT TURQUOISE\u00a0: 8 Pieces\u00a0Sal\u00e9es &#8211; 3 Sucr\u00e9es<\/b><\/span><\/p><p class=\"p2\"><b>\u00a0<\/b><\/p><p class=\"p1\">Croquant d&#8217;endive pickles d\u2019\u00e9chalote, saumon, cr\u00e9meux citron<\/p><p class=\"p1\">Croquant d&#8217;endive pickles d\u2019\u00e9chalote, noix, jambon Serrano<\/p><p class=\"p1\">Wrap poulet graine germ\u00e9<\/p><p class=\"p1\">Farandole de quiche (asperge verte\/ petit pois feta\/ poireau)<\/p><p class=\"p1\">Cagette de charcuterie, Pain\u00a0<\/p><p class=\"p1\">Cagette de fromage, Pain\u00a0<\/p><p class=\"p1\">Petit pot composition de salade fra\u00eecheur<\/p><p class=\"p1\">Petit pot de perle marine \u00e0 l\u2019ail<\/p><p class=\"p1\">Mini cookies beurre de cacahu\u00e8te<\/p><p class=\"p1\">Chocolat au lait Fondant tout choco<\/p><p class=\"p1\">Brochette de fruit (de saison)<\/p><p class=\"p2\"><b>\u00a0<\/b><\/p><p class=\"p2\"><b>\u00a0<\/b><\/p><p class=\"p1\"><span class=\"s1\"><b>\u00a0<\/b><\/span><\/p><p class=\"p1\"><span class=\"s1\"><b>SIMPLEMENT VERT\u00a0: 9\u00a0Pieces\u00a0Sal\u00e9es &#8211; 3 Sucr\u00e9es<\/b><\/span><\/p><p class=\"p2\"><b>\u00a0<\/b><\/p><p class=\"p1\">Verrine caviar d\u2019aubergine et ses gressins<\/p><p class=\"p1\">Saumon gravlax cr\u00e8me citronn\u00e9 baie de rose<\/p><p class=\"p1\">Choux canard confit<\/p><p class=\"p1\">Mini burger speck tomates s\u00e9ch\u00e9es, pesto rouge<\/p><p class=\"p1\">Mini burger veggie oignon rouge confit, tomate, galette de c\u00e9r\u00e9ales<\/p><p class=\"p1\">Gaspacho d\u2019automne potimarron<\/p><p class=\"p1\">Brochette de charcuterie fine\u00a0<\/p><p class=\"p1\">Croustillant cr\u00e9ole Cigares \u00e0 la feta Aop, olive kalamata, menthe fraiche et thym sauvage<\/p><p class=\"p1\">Farandole de macarons Choux Paris Brest<\/p><p class=\"p1\">Mousse choco p\u00e9pite<\/p><p class=\"p1\">Mini tartelette citron meringu\u00e9<\/p>\t\t\t\t\t\t\t\t<\/div>\n\t\t\t\t\t<\/div>\n\t\t\t\t<\/div>\n\t\t\t\t<\/div>\n\t\t","protected":false},"excerpt":{"rendered":"<p>Laissez vos papilles voyager\u00a0: nos pi\u00e8ces cocktails artisanales, fra\u00eecheur et saveurs garanties. Con\u00e7ues sur mesure selon vos envies, elles surprennent par leurs saveurs authentiques. \u00a0 Tarif\u00a0:\u00a0\u00e0 partir de 14\u20ac H.T par personne. \u00a0 SIMPLEMENT BLEUE\u00a0: 5 pi\u00e8ces &#8211; 2 pi\u00e8ces Sucr\u00e9es \u00a0 Tomate s\u00e9ch\u00e9e, bille de mozzarella, Pousse d\u2019\u00e9pinard Mini club effiloch\u00e9 de poulet Charcuterie, [&hellip;]<\/p>\n","protected":false},"author":2,"featured_media":0,"parent":0,"menu_order":0,"comment_status":"closed","ping_status":"closed","template":"","meta":{"_acf_changed":false,"footnotes":""},"class_list":["post-572","page","type-page","status-publish","hentry"],"acf":[],"_links":{"self":[{"href":"https:\/\/couleursgourmandises.com\/index.php\/wp-json\/wp\/v2\/pages\/572","targetHints":{"allow":["GET"]}}],"collection":[{"href":"https:\/\/couleursgourmandises.com\/index.php\/wp-json\/wp\/v2\/pages"}],"about":[{"href":"https:\/\/couleursgourmandises.com\/index.php\/wp-json\/wp\/v2\/types\/page"}],"author":[{"embeddable":true,"href":"https:\/\/couleursgourmandises.com\/index.php\/wp-json\/wp\/v2\/users\/2"}],"replies":[{"embeddable":true,"href":"https:\/\/couleursgourmandises.com\/index.php\/wp-json\/wp\/v2\/comments?post=572"}],"version-history":[{"count":6,"href":"https:\/\/couleursgourmandises.com\/index.php\/wp-json\/wp\/v2\/pages\/572\/revisions"}],"predecessor-version":[{"id":719,"href":"https:\/\/couleursgourmandises.com\/index.php\/wp-json\/wp\/v2\/pages\/572\/revisions\/719"}],"wp:attachment":[{"href":"https:\/\/couleursgourmandises.com\/index.php\/wp-json\/wp\/v2\/media?parent=572"}],"curies":[{"name":"wp","href":"https:\/\/api.w.org\/{rel}","templated":true}]}}