{"id":564,"date":"2025-11-05T19:17:42","date_gmt":"2025-11-05T19:17:42","guid":{"rendered":"https:\/\/couleursgourmandises.com\/?page_id=564"},"modified":"2025-11-05T22:58:24","modified_gmt":"2025-11-05T22:58:24","slug":"petit-dejeuner","status":"publish","type":"page","link":"https:\/\/couleursgourmandises.com\/index.php\/petit-dejeuner\/","title":{"rendered":"Petit d\u00e9jeuner"},"content":{"rendered":"\t\t<div data-elementor-type=\"wp-page\" data-elementor-id=\"564\" class=\"elementor elementor-564\" data-elementor-post-type=\"page\">\n\t\t\t\t<div class=\"elementor-element elementor-element-fef3d64 e-flex e-con-boxed e-con e-parent\" data-id=\"fef3d64\" data-element_type=\"container\" data-e-type=\"container\">\n\t\t\t\t\t<div class=\"e-con-inner\">\n\t\t\t\t<div class=\"elementor-element elementor-element-967b481 elementor-widget elementor-widget-text-editor\" data-id=\"967b481\" data-element_type=\"widget\" data-e-type=\"widget\" data-widget_type=\"text-editor.default\">\n\t\t\t\t\t\t\t\t\t<p class=\"p1\">Laissez-vous tenter par nos gourmandises faites maison, des p\u00e2tisseries et viennoiseries qui allient tradition et saveurs.&#8221;Notre \u00e9quipe vous propose une large gamme de petits d\u00e9jeuners ou de pauses gourmandes \u00e0 composer selon vos besoins et vos envies pour vos s\u00e9minaires, vos r\u00e9unions, catering ou tout autre \u00e9v\u00e9nement<\/p><p class=\"p1\">\u00a0<\/p><p class=\"p1\">Vous pouvez composer votre petit d\u00e9jeuner parmi les produits suivants :<\/p><p class=\"p1\"><br \/>&#8211; \u00a0\u00a0\u00a0\u00a0\u00a0\u00a0\u00a0\u00a0\u00a0 Mini viennoiseries<br \/>&#8211;\u00a0\u00a0\u00a0\u00a0\u00a0\u00a0\u00a0\u00a0\u00a0\u00a0 Croissants, pains au chocolat, pains raisins, chausson aux pommes, brioche (pralin\u00e9, classique, suisse)<br \/>&#8211; \u00a0\u00a0\u00a0\u00a0\u00a0\u00a0\u00a0\u00a0\u00a0 Brochettes de fruits frais ou corbeille de fruits<br \/>&#8211; \u00a0\u00a0\u00a0\u00a0\u00a0\u00a0\u00a0\u00a0\u00a0 Petits fours tels que tartelettes, macarons, muffins, cookies, op\u00e9ras, financiers, madeleines, \u2026<br \/>&#8211; \u00a0\u00a0\u00a0\u00a0\u00a0\u00a0\u00a0\u00a0\u00a0 Jus de fruits (orange, citron, pamplemousse, pomme et fruits rouge)<\/p><p class=\"p1\">&#8211;\u00a0\u00a0\u00a0\u00a0\u00a0\u00a0\u00a0\u00a0\u00a0 The, Caf\u00e9, chocolat chaud<\/p><p class=\"p1\">&#8211;\u00a0\u00a0\u00a0\u00a0\u00a0\u00a0\u00a0\u00a0\u00a0 \u00a0<\/p><p class=\"p1\"><span class=\"s1\">Tarif<\/span>\u00a0:\u00a0<b>\u00e0 partir de 8.50\u20ac H.T par personne<\/b>.<\/p><p class=\"p1\">\u00a0<\/p><p class=\"p1\"><span class=\"s1\"><b>Exemple de Petit D\u00e9jeuner\u00a0:<\/b><\/span><\/p><p class=\"p1\">\u00a0<\/p><p class=\"p1\">3 minis Viennoiseries<\/p><p class=\"p1\">\u00a0<\/p><p class=\"p1\">Jus Orange &amp; Pomme<\/p><p class=\"p1\">\u00a0<\/p><p class=\"p1\">Caf\u00e9 \/ Th\u00e9 \/ Eau<\/p><p class=\"p1\">\u00a0<\/p><p class=\"p1\">Chocolat Chaud.<\/p><p class=\"p1\">\u00a0<\/p><p class=\"p1\">\u00a0<\/p><p class=\"p1\"><span class=\"s1\"><b>Exemple de pauses Gourmandes\u00a0:<\/b><\/span><\/p><p class=\"p1\">\u00a0<\/p><p class=\"p1\">3 P\u00e2tisseries<\/p><p class=\"p1\">\u00a0<\/p><p class=\"p1\">(Financier, Muffins, Cookies)<\/p><p class=\"p1\">\u00a0<\/p><p class=\"p1\">Jus de fruit<\/p><p class=\"p1\">\u00a0<\/p><p class=\"p1\">Caf\u00e9 \/ Th\u00e9 \/ Eau<\/p><p class=\"p1\">\u00a0<\/p><p class=\"p1\">Corbeille de fruits<\/p><p class=\"p1\">#48C4B7<\/p>\t\t\t\t\t\t\t\t<\/div>\n\t\t\t\t\t<\/div>\n\t\t\t\t<\/div>\n\t\t\t\t<\/div>\n\t\t","protected":false},"excerpt":{"rendered":"<p>Laissez-vous tenter par nos gourmandises faites maison, des p\u00e2tisseries et viennoiseries qui allient tradition et saveurs.&#8221;Notre \u00e9quipe vous propose une large gamme de petits d\u00e9jeuners ou de pauses gourmandes \u00e0 composer selon vos besoins et vos envies pour vos s\u00e9minaires, vos r\u00e9unions, catering ou tout autre \u00e9v\u00e9nement \u00a0 Vous pouvez composer votre petit d\u00e9jeuner parmi [&hellip;]<\/p>\n","protected":false},"author":2,"featured_media":0,"parent":0,"menu_order":0,"comment_status":"closed","ping_status":"closed","template":"","meta":{"_acf_changed":false,"footnotes":""},"class_list":["post-564","page","type-page","status-publish","hentry"],"acf":[],"_links":{"self":[{"href":"https:\/\/couleursgourmandises.com\/index.php\/wp-json\/wp\/v2\/pages\/564","targetHints":{"allow":["GET"]}}],"collection":[{"href":"https:\/\/couleursgourmandises.com\/index.php\/wp-json\/wp\/v2\/pages"}],"about":[{"href":"https:\/\/couleursgourmandises.com\/index.php\/wp-json\/wp\/v2\/types\/page"}],"author":[{"embeddable":true,"href":"https:\/\/couleursgourmandises.com\/index.php\/wp-json\/wp\/v2\/users\/2"}],"replies":[{"embeddable":true,"href":"https:\/\/couleursgourmandises.com\/index.php\/wp-json\/wp\/v2\/comments?post=564"}],"version-history":[{"count":6,"href":"https:\/\/couleursgourmandises.com\/index.php\/wp-json\/wp\/v2\/pages\/564\/revisions"}],"predecessor-version":[{"id":739,"href":"https:\/\/couleursgourmandises.com\/index.php\/wp-json\/wp\/v2\/pages\/564\/revisions\/739"}],"wp:attachment":[{"href":"https:\/\/couleursgourmandises.com\/index.php\/wp-json\/wp\/v2\/media?parent=564"}],"curies":[{"name":"wp","href":"https:\/\/api.w.org\/{rel}","templated":true}]}}