{"id":323,"date":"2025-11-03T11:00:20","date_gmt":"2025-11-03T11:00:20","guid":{"rendered":"https:\/\/couleursgourmandises.com\/?page_id=323"},"modified":"2025-11-04T21:51:24","modified_gmt":"2025-11-04T21:51:24","slug":"term-and-condition","status":"publish","type":"page","link":"https:\/\/couleursgourmandises.com\/index.php\/term-and-condition\/","title":{"rendered":"Term and Condition"},"content":{"rendered":"\t\t<div data-elementor-type=\"wp-page\" data-elementor-id=\"323\" class=\"elementor elementor-323\" data-elementor-post-type=\"page\">\n\t\t\t\t<div class=\"elementor-element elementor-element-5ac959c e-flex e-con-boxed e-con e-parent\" data-id=\"5ac959c\" data-element_type=\"container\" data-e-type=\"container\">\n\t\t\t\t\t<div class=\"e-con-inner\">\n\t\t\t\t<div class=\"elementor-element elementor-element-3433b26 elementor-widget elementor-widget-text-editor\" data-id=\"3433b26\" data-element_type=\"widget\" data-e-type=\"widget\" data-widget_type=\"text-editor.default\">\n\t\t\t\t\t\t\t\t\t<p class=\"p1\"><b>CONDITIONS GENERALES DE VENTE<\/b><\/p><p class=\"p1\"><b>1-<\/b>\u00a0\u00a0\u00a0\u00a0 <span class=\"s1\"><b>\u00a0IDENTIFICATION DU PRESTATAIRE <\/b><\/span><\/p><p class=\"p1\"><span class=\"s1\"><b>\u00a0<\/b><\/span><\/p><p class=\"p1\">Couleurs Gourmandises SASU au capital de 1 000 \u20ac Si\u00e8ge social : <a href=\"https:\/\/www.google.com\/maps\/search\/1+%E2%80%93+3+rue+Camille+Moke?entry=gmail&amp;source=g\"><span class=\"s2\">1 \u2013 3 rue Camille Moke<\/span><\/a>, 93440 Saint-Denis Immatricul\u00e9e au RCS de Bobigny sous le num\u00e9ro 950 996 454 00019<\/p><p class=\"p1\">Repr\u00e9sent\u00e9e par Edith RYBARCZYK, en qualit\u00e9 de Pr\u00e9sidente<\/p><p class=\"p1\">E-mail :\u00a0<a href=\"mailto:contact@couleursgourmandises.com\"><span class=\"s2\">contact@couleursgourmandises.com<\/span><\/a>\u00a0(ci-apr\u00e8s d\u00e9nomm\u00e9e \u00ab le Prestataire \u00bb)<\/p><p class=\"p1\">2\u00a0\u00a0\u00a0\u00a0\u00a0\u00a0 <span class=\"s1\"><b>OBJET <\/b><\/span><\/p><p class=\"p1\">Les pr\u00e9sentes Conditions G\u00e9n\u00e9rales de Vente (CGV) d\u00e9finissent les conditions dans lesquelles Couleurs Gourmandises fournit ses prestations de traiteur : pr\u00e9paration, livraison et\/ou service de repas, buffets, cocktails, brunchs et autres prestations culinaires pour \u00e9v\u00e9nements priv\u00e9s ou professionnels. Toute commande implique l\u2019adh\u00e9sion sans r\u00e9serve du Client aux pr\u00e9sentes CGV.<\/p><p class=\"p1\">3\u00a0\u00a0\u00a0\u00a0\u00a0\u00a0 <span class=\"s1\"><b>LE CLIENT<\/b><\/span><b>\u00a0<\/b><\/p><p class=\"p1\"><span class=\"s1\"><b>\u00a0<\/b><\/span><\/p><p class=\"p1\">Le client se d\u00e9finit comme toute personne physique ou morale qui commande des produits et\/ou services propos\u00e9s par la Soci\u00e9t\u00e9 COULEURS GOURMANDISES.<\/p><ul class=\"ul1\"><li class=\"li1\"><i>Personne physique<\/i><\/li><\/ul><p class=\"p1\">S\u2019il s\u2019agit d\u2019une personne physique, le client est consid\u00e9r\u00e9 comme le destinataire unique des produits et\/ou services.<\/p><p class=\"p1\">Il d\u00e9clare \u00eatre \u00e2g\u00e9 d\u2019au moins 18 ans et avoir la capacit\u00e9 juridique ou \u00eatre titulaire d\u2019une autorisation parentale lui permettant d\u2019effectuer une commande sur le Site.<\/p><ul class=\"ul1\"><li class=\"li1\">Personne morale<\/li><\/ul><p class=\"p1\">Si le client est une personne morale, les termes des pr\u00e9sentes conditions g\u00e9n\u00e9rales s\u2019imposent \u00e0 tous ses membres, associ\u00e9s, salari\u00e9s, ou pr\u00e9pos\u00e9s sous la responsabilit\u00e9 directe ou indirecte des repr\u00e9sentants l\u00e9gaux de la personne morale.<\/p><p class=\"p1\">Le Client reconna\u00eet que l\u2019acceptation des pr\u00e9sentes CGV a pour cons\u00e9quence d\u2019\u00e9carter l\u2019application de ses propres conditions g\u00e9n\u00e9rales de vente et\/ou d\u2019achat.<\/p><p class=\"p1\">Toute commande par le Client ou, a fortiori, le paiement de la facture \u00e9mise par la Soci\u00e9t\u00e9 COULEURS GOURMANDISES emporte l\u2019adh\u00e9sion enti\u00e8re et sans r\u00e9serve du Client \u00e0 ces CGV<\/p><p class=\"p1\">Tout client de la Soci\u00e9t\u00e9 COULEURS GOURMANDISES d\u00e9clare avoir pris connaissance des CGV, les avoir comprises et les accepter sans r\u00e9serve. La Soci\u00e9t\u00e9 COULEURS GOURMANDISES se r\u00e9serve le droit de les modifier \u00e0 tout moment, \u00e9tant pr\u00e9cis\u00e9 que les CGV applicables sont celles en vigueur au jour de la commande.<\/p><p class=\"p1\"><span class=\"s1\"><b>\u00a0<\/b><\/span><\/p><p class=\"p1\">4\u00a0\u00a0\u00a0\u00a0\u00a0\u00a0 <span class=\"s1\"><b>COMMANDES<\/b><\/span><\/p><p class=\"p1\"><span class=\"s1\"><b>\u00a0<\/b><\/span><\/p><p class=\"p1\">Toute commande donne lieu \u00e0 l\u2019\u00e9mission d\u2019un devis personnalis\u00e9. La commande devient ferme et d\u00e9finitive \u00e0 r\u00e9ception du devis dat\u00e9 et sign\u00e9 par le client avec la mention \u00ab Bon pour accord \u00bb, et du versement d\u2019un acompte de 70 % du montant total TTC de la prestation<\/p><p class=\"p1\">Sans r\u00e9ception de ces \u00e9l\u00e9ments, aucune r\u00e9servation ne pourra \u00eatre confirm\u00e9e. Les devis sont valables 30 jours \u00e0 compter de leur date d\u2019\u00e9mission.<\/p><p class=\"p1\">Tout devis sign\u00e9 et accept\u00e9 n\u2019est plus susceptible de r\u00e9tractation.<\/p><p class=\"p1\">En effet, en application de l\u2019article L.221-28 4\u00b0 du code de la consommation, les Produits objets de la Commande, \u00e9tant des denr\u00e9es p\u00e9rissables, le client ne dispose pas d\u2019un droit de r\u00e9tractation.<\/p><p class=\"p1\">Apr\u00e8s validation de la commande, la Soci\u00e9t\u00e9 adresse au Client un courriel de confirmation \u00e0 l\u2019adresse \u00e9lectronique indiqu\u00e9 par le client \u00e0 cet effet.<\/p><p class=\"p1\">En cas de r\u00e9siliation du fait de la Soci\u00e9t\u00e9 COULEURS GOURMANDISES, elle restituera au client l\u2019acompte vers\u00e9.<\/p><p class=\"p1\">En revanche, \u00a0en cas de r\u00e9siliation faite par le client\u00a0:<\/p><p class=\"p1\">\u00b7\u00a0\u00a0\u00a0\u00a0\u00a0\u00a0 Plus de 30 jours avant la prestation : remboursement de l\u2019acompte, d\u00e9duction de 10 % de frais de dossier<\/p><p class=\"p1\">\u00b7\u00a0\u00a0\u00a0\u00a0\u00a0\u00a0 Entre 15 et 30 jours : facturation de 50 % du montant total<\/p><p class=\"p1\">\u00b7\u00a0\u00a0\u00a0\u00a0\u00a0\u00a0 Moins de 15 jours : facturation de 100 % du montant total<\/p><p class=\"p1\">La confirmation du nombre d\u2019invit\u00e9s du client devra parvenir \u00e0 la Soci\u00e9t\u00e9 COULEURS GOURMANDISES au moins trente (30) jours ouvrables avant la date de livraison (sauf convention particuli\u00e8re).<\/p><p class=\"p1\">Toute augmentation ou diminution de commande doit parvenir \u00e0 la Soci\u00e9t\u00e9 COULEURS GOURMANDISES au moins 30 jours ouvr\u00e9s avant le jour de livraison.<\/p><p class=\"p1\">Pass\u00e9 ce d\u00e9lai de 30 jours,<\/p><ul class=\"ul1\"><li class=\"li1\">Dans l\u2019hypoth\u00e8se o\u00f9 le nombre de convives serait sup\u00e9rieur \u00e0 la commande initiale, un devis compl\u00e9mentaire sera adress\u00e9 au client, aux nouvelles conditions,<\/li><li class=\"li1\">Dans l\u2019hypoth\u00e8se o\u00f9 le nombre de convives serait inf\u00e9rieur \u00e0 la commande initiale, le devis initial sera maintenu.<\/li><\/ul><p class=\"p1\">5\u00a0\u00a0\u00a0\u00a0\u00a0\u00a0 <span class=\"s1\"><b>PRODUIT ET SERVICES<\/b><\/span><\/p><p class=\"p1\">L\u2019\u00e9tendue des prestations fournies par la Soci\u00e9t\u00e9 COULEURS GOURMANDISES est d\u00e9termin\u00e9e par le devis qui a \u00e9t\u00e9 pr\u00e9alablement adress\u00e9 et accept\u00e9 par le client.<\/p><p class=\"p1\">Par mesure d\u2019hygi\u00e8ne, aucune marchandise ne peut \u00eatre reprise ou \u00e9chang\u00e9e.<\/p><p class=\"p1\">Une fois livr\u00e9es, les marchandises seront conserv\u00e9es par le client sous son enti\u00e8re responsabilit\u00e9.<\/p><p class=\"p1\">Il appartient au client de v\u00e9rifier le nombre et l\u2019\u00e9tat des Produits au moment de la r\u00e9ception. Le transfert des risques s\u2019effectue au moment de la livraison des Produits. Une fois les Produits accept\u00e9s par Le client, le Vendeur n\u2019acceptera pas les r\u00e9clamations.<\/p><p class=\"p1\">La soci\u00e9t\u00e9 COULEURS GOURMANDISES s\u2019engage \u00e0 fournir des produits frais, de qualit\u00e9, pr\u00e9par\u00e9s selon les normes d\u2019hygi\u00e8ne et s\u00e9curit\u00e9 alimentaire (HACCP).<\/p><p class=\"p1\">6\u00a0\u00a0\u00a0\u00a0\u00a0\u00a0 <span class=\"s1\"><b>OBLIGATIONS DU CLIENT<\/b><\/span><b>.<\/b><\/p><p class=\"p1\">Le mat\u00e9riel est fourni pour la dur\u00e9e de la prestation, sauf accord contraire.<\/p><p class=\"p1\">Les risques, casse, d\u00e9gradation ou disparition de celui-ci, ou de biens pr\u00e9sents sur le lieu de la r\u00e9ception, ne sont pas couverts par les assurances de la Soci\u00e9t\u00e9 COULEURS GOURMANDISES et sont \u00e0 la charge effective du client.<\/p><p class=\"p1\">Le client est responsable de l\u2019\u00e9tat du mat\u00e9riel mis \u00e0 sa disposition.<\/p><p class=\"p1\">Tout mat\u00e9riel qui viendrait \u00e0 \u00eatre cass\u00e9, m\u00eame par cas fortuit, devra \u00eatre rembours\u00e9 sur une base forfaitaire<\/p><p class=\"p1\">Le Client s\u2019engage \u00e9galement \u00e0 mettre \u00e0 disposition un lieu conforme et accessible, respecter les horaires convenus<\/p><p class=\"p1\">7\u00a0\u00a0\u00a0\u00a0\u00a0\u00a0 <span class=\"s1\"><b>TARIF ET MODALITE DE PAIEMENT<\/b><\/span><\/p><p class=\"p1\">\u00a0Les prix des produits et services s\u2019entendent en euros et sont indiqu\u00e9s hors taxe (HT) augment\u00e9s du montant de la TVA applicable au jour de la commande.<\/p><p class=\"p1\">Si la livraison intervient plus d\u2019un mois apr\u00e8s la passation de la commande, la Soci\u00e9t\u00e9 COULEURS GOURMANDISES se r\u00e9serve le droit de r\u00e9\u00e9valuer le prix des denr\u00e9es alimentaires au co\u00fbt en vigueur, si celui-ci a \u00e9volu\u00e9 \u00e0 la hausse, apr\u00e8s en avoir pr\u00e9alablement inform\u00e9 le client.<\/p><p class=\"p1\">Le taux de TVA pourra \u00eatre ajust\u00e9 selon le taux en vigueur \u00e0 la date effective de la prestation.<\/p><p class=\"p1\">Toute prestation (marchandise et boisson, personnel etc\u2026) non inclus dans le devis, fera l\u2019objet d\u2019une facturation compl\u00e9mentaire.<\/p><p class=\"p1\">Le solde est payable au plus tard \u00e0 une semaine de la livraison sauf accord \u00e9crit contraire.<\/p><p class=\"p1\">En cas de non-paiement int\u00e9gral du solde de la facture \u00e0 une semaine de la livraison, une clause p\u00e9nale de 10% s\u2019appliquera sur le solde restant d\u00fb, sans qu\u2019il ne soit n\u00e9cessaire de r\u00e9gulariser une mise en demeure.<\/p><p class=\"p1\">Modes de paiement accept\u00e9s :<\/p><p class=\"p1\">Le solde de la commande se fait par virement, ch\u00e8que ou esp\u00e8ces (dans la limite l\u00e9gale).<\/p><p class=\"p1\">S\u2019agissant du r\u00e8glement par ch\u00e8que, celui-ci doit \u00eatre \u00e9mis en euros par une banque domicili\u00e9e en France. L\u2019encaissement du ch\u00e8que est r\u00e9alis\u00e9 \u00e0 la r\u00e9ception de ce dernier.<\/p><p class=\"p1\">Le client devra le libeller \u00e0 l\u2019ordre de \u00ab\u00a0COULEURS GOURMANDISES\u00a0\u00bb et le remettre en main propre.<\/p><p class=\"p1\">Si la commande est effectu\u00e9e dans la semaine, l\u2019acompte ne pourra \u00eatre pay\u00e9 que par virement ou esp\u00e8ces.<\/p><p class=\"p1\">La commande ne sera trait\u00e9e qu\u2019\u00e0 r\u00e9ception de celui-ci.<\/p><p class=\"p1\">Si la commande est effectu\u00e9e plus d\u2019une semaine avant l\u2019\u00e9v\u00e8nement, les ch\u00e8ques sont accept\u00e9s pour l\u2019acompte mais la commande sera trait\u00e9e sous r\u00e9serve du bon encaissement de celui-ci.<\/p><p class=\"p1\"><b>\u00a0<\/b><\/p><p class=\"p1\"><b>\u00a0<\/b><\/p><p class=\"p1\">8\u00a0\u00a0\u00a0\u00a0\u00a0\u00a0 <span class=\"s1\"><b>LIVRAISON<\/b><\/span><\/p><p class=\"p1\"><span class=\"s1\"><b>\u00a0<\/b><\/span><\/p><p class=\"p1\">Les produits command\u00e9s sont envoy\u00e9s \u00e0 l\u2019adresse de livraison indiqu\u00e9e par le client lors du passage de la commande.<\/p><p class=\"p1\">Nous rappelons \u00e0 notre client\u00e8le qu\u2019il est important de faciliter la livraison en sp\u00e9cifiant toutes les informations relatives \u00e0 la livraison, en sp\u00e9cifiant les codes d\u2019acc\u00e8s et particularit\u00e9s pour atteindre rapidement le lieu de livraison.<\/p><p class=\"p1\">Le Client s\u2019engage \u00e0 \u00eatre pr\u00e9sent ou veiller \u00e0 ce que le destinataire de la commande soit pr\u00e9sent \u00e0 l\u2019adresse de livraison indiqu\u00e9e au moment de la livraison, si tel n\u2019est pas le cas, la responsabilit\u00e9 engag\u00e9e est celle du client.<\/p><p class=\"p1\">Les livraisons doivent \u00eatre accessible de plain-pied, si tel n\u2019est pas le cas, cela entra\u00eenera un compl\u00e9ment de facturation.<\/p><p class=\"p1\">Les heures de livraisons sont communiqu\u00e9es \u00e0 titre indicatif. Pour rappel nous ne pouvons contr\u00f4ler le flux de la circulation routi\u00e8re. Tout retard de livraison sur le cr\u00e9neau annonc\u00e9 au client n\u2019\u00e9tant en aucun cas de notre fait n\u2019entra\u00eenera en aucun cas une remise ou un remboursement de la commande.<\/p><p class=\"p1\">Les intemp\u00e9ries, accident de la route ou tout autre \u00e9v\u00e9nement ind\u00e9pendant de notre bon vouloir qui entra\u00eenerait un retard de livraison sur les cr\u00e9neaux horaires annonc\u00e9es n\u2019engagent en rien un remboursement ou quelque remise d\u2019ordre financier.<\/p><p class=\"p1\">Si le Client n\u2019est pas pr\u00e9sent \u00e0 la livraison, la commande sera mise \u00e0 disposition \u00e0 notre laboratoire et si le client ne se pr\u00e9sente pas aux jours et heures d\u2019ouverture, la soci\u00e9t\u00e9 COULEURS GOURMANDISES conserve la commande du Client jusqu\u2019\u00e0 la fermeture de la boutique le jour m\u00eame. Pass\u00e9 ce d\u00e9lai, il sera consid\u00e9r\u00e9 que le Client ne pourra plus retirer la commande s\u2019agissant des produits p\u00e9rissables.<\/p><p class=\"p1\">Toutes les livraisons sont annonc\u00e9es par courrier \u00e9lectronique, appel t\u00e9l\u00e9phonique ou sms.<\/p><p class=\"p1\">9\u00a0\u00a0\u00a0\u00a0\u00a0\u00a0 <span class=\"s1\"><b>PROTECTION DES DONNEES<\/b><\/span><\/p><p class=\"p1\">LA SOCIETE COULEURS GOURMANDISES s\u2019interdit de c\u00e9der les donn\u00e9es personnelles du client ou de les mettre \u00e0 la disposition de tiers sous quelque forme que ce soit \u00e0 l\u2019exception de ses sous-traitants et de ses fournisseurs d\u2019enqu\u00eates de satisfaction qui les utiliseront de fa\u00e7on confidentielle. Ces donn\u00e9es sont trait\u00e9es par COULEURES GOURMANDISES en stricte conformit\u00e9 avec les lois applicables et sa politique de protection des donn\u00e9es personnelles.<\/p><p class=\"p1\">Conform\u00e9ment \u00e0 la loi n\u00b078-17 du 6 janvier 1978 relative \u00e0 l\u2019Informatique, aux Fichiers et aux Libert\u00e9s, le Client dispose d\u2019un droit d\u2019acc\u00e8s et de rectification aux informations nominatives qui le concernent qu\u2019il peut exercer en adressant un courrier \u00e0 COULEURS GOURMANDISES \u00e0 l\u2019adresse figurant sur le bon de commande.<\/p><p class=\"p1\">10\u00a0\u00a0\u00a0 <span class=\"s1\"><b>MODIFICATIONS DES CONDITIONS GENERALES DE VENTE\u00a0<\/b><\/span><\/p><p class=\"p1\">La Soci\u00e9t\u00e9 COULEURS GOURMANDISES se r\u00e9serve la possibilit\u00e9 d\u2019adapter ou de modifier \u00e0 tout moment les pr\u00e9sentes conditions g\u00e9n\u00e9rales de vente. En cas de modification, il sera appliqu\u00e9 \u00e0 chaque commande les conditions g\u00e9n\u00e9rales de vente en vigueur au jour de la commande.<\/p><h3 class=\"p1\">La signature du devis et\u00a0\/ ou le paiement de l\u2019acompte vaut pour acceptation des pr\u00e9sentes CGV.<\/h3>\t\t\t\t\t\t\t\t<\/div>\n\t\t\t\t\t<\/div>\n\t\t\t\t<\/div>\n\t\t\t\t<\/div>\n\t\t","protected":false},"excerpt":{"rendered":"<p>CONDITIONS GENERALES DE VENTE 1-\u00a0\u00a0\u00a0\u00a0 \u00a0IDENTIFICATION DU PRESTATAIRE \u00a0 Couleurs Gourmandises SASU au capital de 1 000 \u20ac Si\u00e8ge social : 1 \u2013 3 rue Camille Moke, 93440 Saint-Denis Immatricul\u00e9e au RCS de Bobigny sous le num\u00e9ro 950 996 454 00019 Repr\u00e9sent\u00e9e par Edith RYBARCZYK, en qualit\u00e9 de Pr\u00e9sidente E-mail :\u00a0contact@couleursgourmandises.com\u00a0(ci-apr\u00e8s d\u00e9nomm\u00e9e \u00ab le Prestataire [&hellip;]<\/p>\n","protected":false},"author":2,"featured_media":0,"parent":0,"menu_order":0,"comment_status":"closed","ping_status":"closed","template":"elementor_canvas","meta":{"_acf_changed":false,"footnotes":""},"class_list":["post-323","page","type-page","status-publish","hentry"],"acf":[],"_links":{"self":[{"href":"https:\/\/couleursgourmandises.com\/index.php\/wp-json\/wp\/v2\/pages\/323","targetHints":{"allow":["GET"]}}],"collection":[{"href":"https:\/\/couleursgourmandises.com\/index.php\/wp-json\/wp\/v2\/pages"}],"about":[{"href":"https:\/\/couleursgourmandises.com\/index.php\/wp-json\/wp\/v2\/types\/page"}],"author":[{"embeddable":true,"href":"https:\/\/couleursgourmandises.com\/index.php\/wp-json\/wp\/v2\/users\/2"}],"replies":[{"embeddable":true,"href":"https:\/\/couleursgourmandises.com\/index.php\/wp-json\/wp\/v2\/comments?post=323"}],"version-history":[{"count":8,"href":"https:\/\/couleursgourmandises.com\/index.php\/wp-json\/wp\/v2\/pages\/323\/revisions"}],"predecessor-version":[{"id":531,"href":"https:\/\/couleursgourmandises.com\/index.php\/wp-json\/wp\/v2\/pages\/323\/revisions\/531"}],"wp:attachment":[{"href":"https:\/\/couleursgourmandises.com\/index.php\/wp-json\/wp\/v2\/media?parent=323"}],"curies":[{"name":"wp","href":"https:\/\/api.w.org\/{rel}","templated":true}]}}