{"id":22,"date":"2025-10-17T09:14:50","date_gmt":"2025-10-17T09:14:50","guid":{"rendered":"https:\/\/couleursgourmandises.com\/?page_id=22"},"modified":"2025-11-06T00:10:02","modified_gmt":"2025-11-06T00:10:02","slug":"formules","status":"publish","type":"page","link":"https:\/\/couleursgourmandises.com\/index.php\/formules\/","title":{"rendered":"Formules"},"content":{"rendered":"\t\t<div data-elementor-type=\"wp-page\" data-elementor-id=\"22\" class=\"elementor elementor-22\" data-elementor-post-type=\"page\">\n\t\t\t\t<div class=\"elementor-element elementor-element-139ef81b e-con-full e-flex e-con e-parent\" data-id=\"139ef81b\" data-element_type=\"container\" data-e-type=\"container\" data-settings=\"{&quot;background_background&quot;:&quot;classic&quot;}\">\n\t\t\t\t<div class=\"elementor-element elementor-element-579c4c5e elementor-widget elementor-widget-heading\" data-id=\"579c4c5e\" data-element_type=\"widget\" data-e-type=\"widget\" data-widget_type=\"heading.default\">\n\t\t\t\t\t<h2 class=\"elementor-heading-title elementor-size-default\">Nos Formules<\/h2>\t\t\t\t<\/div>\n\t\t\t\t<div class=\"elementor-element elementor-element-b5e204a elementor-widget elementor-widget-heading\" data-id=\"b5e204a\" data-element_type=\"widget\" data-e-type=\"widget\" data-widget_type=\"heading.default\">\n\t\t\t\t\t<h2 class=\"elementor-heading-title elementor-size-default\">Con\u00e7ues pour vos moments d\u2019exception.<\/h2>\t\t\t\t<\/div>\n\t\t\t\t<div class=\"elementor-element elementor-element-4a446527 elementor-widget elementor-widget-text-editor\" data-id=\"4a446527\" data-element_type=\"widget\" data-e-type=\"widget\" data-widget_type=\"text-editor.default\">\n\t\t\t\t\t\t\t\t\t<p>Que ce soit pour un mariage \u00e9l\u00e9gant, un cocktail d\u2019entreprise ou une r\u00e9ception priv\u00e9e, nos formules s\u2019adaptent \u00e0 vos envies et \u00e0 votre budget, sans jamais compromettre la qualit\u00e9 ni la cr\u00e9ativit\u00e9.<\/p>\t\t\t\t\t\t\t\t<\/div>\n\t\t\t\t<div class=\"elementor-element elementor-element-41ebd78 elementor-widget elementor-widget-text-editor\" data-id=\"41ebd78\" data-element_type=\"widget\" data-e-type=\"widget\" data-widget_type=\"text-editor.default\">\n\t\t\t\t\t\t\t\t\t<p class=\"p1\">Laissez vos papilles voyager\u00a0: nos pi\u00e8ces cocktails artisanales, fra\u00eecheur et saveurs garanties. Con\u00e7ues sur mesure selon vos envies, elles surprennent par leurs saveurs authentiques.<\/p><p class=\"p2\"><b>\u00a0<\/b><\/p><p class=\"p1\"><span class=\"s1\">Tarif<\/span>\u00a0:\u00a0<b>\u00e0 partir de 14\u20ac H.T par personne<\/b>.<\/p><p class=\"p2\"><b>\u00a0<\/b><\/p><p class=\"p1\"><span class=\"s1\"><b>SIMPLEMENT BLEUE\u00a0: 5 pi\u00e8ces &#8211; 2 pi\u00e8ces Sucr\u00e9es<\/b><\/span><\/p><p class=\"p2\"><b>\u00a0<\/b><\/p><p class=\"p1\">Tomate s\u00e9ch\u00e9e, bille de mozzarella,<\/p><p class=\"p1\">Pousse d\u2019\u00e9pinard<\/p><p class=\"p1\">Mini club effiloch\u00e9 de poulet<\/p><p class=\"p1\">Charcuterie, fromage marin\u00e9, poivron,olive<\/p><p class=\"p1\">Blini rillette de thon \u00e9pic\u00e9<\/p><p class=\"p1\">Carr\u00e9 gourmand<\/p><p class=\"p1\">Chocolat Brochette de fruit (de saison)<\/p><p class=\"p2\"><b>\u00a0<\/b><\/p><p class=\"p2\"><b>\u00a0<\/b><\/p><p class=\"p1\"><span class=\"s1\"><b>SIMPLEMENT ROUGE\u00a0: 6 pi\u00e8ces sal\u00e9es &#8211; 3 pi\u00e8ces sucr\u00e9es<\/b><\/span><\/p><p class=\"p2\"><b>\u00a0<\/b><\/p><p class=\"p1\">Bouch\u00e9e fromag\u00e8re, herbe fraiche<\/p><p class=\"p1\">Bouch\u00e9e chorizo qui pique<\/p><p class=\"p1\">Tartine l\u00e9gumes grill\u00e9s pesto rouge, pignon<\/p><p class=\"p1\">Verrine Tzatz\u00edki concombre, petit pois<\/p><p class=\"p1\">Verrine rillette de poulet, crackers maison, noix et graines\u00a0<\/p><p class=\"p1\">Brochette truffe de thon<\/p><p class=\"p1\">Croquant choco noisette<\/p><p class=\"p1\">Financier fruit rouge<\/p><p class=\"p1\">Brochette de fruit (de saison)<\/p><p class=\"p2\"><b>\u00a0<\/b><\/p><p class=\"p2\"><b>\u00a0<\/b><\/p><p class=\"p1\"><span class=\"s1\"><b>SIMPLEMENT TURQUOISE\u00a0: 8 Pieces\u00a0Sal\u00e9es &#8211; 3 Sucr\u00e9es<\/b><\/span><\/p><p class=\"p2\"><b>\u00a0<\/b><\/p><p class=\"p1\">Croquant d&#8217;endive pickles d\u2019\u00e9chalote, saumon, cr\u00e9meux citron<\/p><p class=\"p1\">Croquant d&#8217;endive pickles d\u2019\u00e9chalote, noix, jambon Serrano<\/p><p class=\"p1\">Wrap poulet graine germ\u00e9<\/p><p class=\"p1\">Farandole de quiche (asperge verte\/ petit pois feta\/ poireau)<\/p><p class=\"p1\">Cagette de charcuterie, Pain\u00a0<\/p><p class=\"p1\">Cagette de fromage, Pain\u00a0<\/p><p class=\"p1\">Petit pot composition de salade fra\u00eecheur<\/p><p class=\"p1\">Petit pot de perle marine \u00e0 l\u2019ail<\/p><p class=\"p1\">Mini cookies beurre de cacahu\u00e8te<\/p><p class=\"p1\">Chocolat au lait Fondant tout choco<\/p><p class=\"p1\">Brochette de fruit (de saison)<\/p><p class=\"p2\"><b>\u00a0<\/b><\/p><p class=\"p2\"><b>\u00a0<\/b><\/p><p class=\"p1\"><span class=\"s1\"><b>\u00a0<\/b><\/span><\/p><p class=\"p1\"><span class=\"s1\"><b>SIMPLEMENT VERT\u00a0: 9\u00a0Pieces\u00a0Sal\u00e9es &#8211; 3 Sucr\u00e9es<\/b><\/span><\/p><p class=\"p2\"><b>\u00a0<\/b><\/p><p class=\"p1\">Verrine caviar d\u2019aubergine et ses gressins<\/p><p class=\"p1\">Saumon gravlax cr\u00e8me citronn\u00e9 baie de rose<\/p><p class=\"p1\">Choux canard confit<\/p><p class=\"p1\">Mini burger speck tomates s\u00e9ch\u00e9es, pesto rouge<\/p><p class=\"p1\">Mini burger veggie oignon rouge confit, tomate, galette de c\u00e9r\u00e9ales<\/p><p class=\"p1\">Gaspacho d\u2019automne potimarron<\/p><p class=\"p1\">Brochette de charcuterie fine\u00a0<\/p><p class=\"p1\">Croustillant cr\u00e9ole Cigares \u00e0 la feta Aop, olive kalamata, menthe fraiche et thym sauvage<\/p><p class=\"p1\">Farandole de macarons Choux Paris Brest<\/p><p class=\"p1\">Mousse choco p\u00e9pite<\/p><p class=\"p1\">Mini tartelette citron meringu\u00e9<\/p><p class=\"p1\">BUFFET<\/p><p class=\"p1\">Offrez \u00e0 vos collaborateurs un buffet gourmand et \u00e9l\u00e9gant sur mesure, pr\u00e9par\u00e9 avec soin \u00e0 partir de produits frais<\/p><p class=\"p1\"><span class=\"s1\">Tarif<\/span>\u00a0:\u00a0<b>\u00e0 partir de 21\u20ac H.T par personne<\/b>. (20 convives minimum)<\/p><p class=\"p1\"><i>Vaisselle \u00e9co responsable, ou papier recycl\u00e9 Plastique 100% recyclable Fibre de canne ou de bambou<\/i><\/p><p class=\"p1\"><span class=\"s1\"><b>Simplement Bleue<\/b><\/span><\/p><p class=\"p1\">Color\u00e9 de tomate cerise, concombre, feta, oignon rouge, olive noire Tarte fine Lit de pesto vert, courgette, boule de burrata, pignon, herbe fra\u00eeche.<\/p><p class=\"p1\">Quinoa boulgour marin\u00e9, noix concass\u00e9e, cr\u00e9meux moutarde miel. LES PLATEAUX DE FROMAGES Jambon blanc, Serrano, Pata Negra, Saucisson\u2026<\/p><p class=\"p1\">Petit moelleux ou craquel\u00e9 au citron Verrine skyr coulis fruit<\/p><p class=\"p2\"><b>\u00a0<\/b><\/p><p class=\"p1\"><b>SIMPLEMENT ORANGE<\/b><\/p><p class=\"p1\">SALADE DE COURGE butternut, Huile d\u2019olive, fleur de sel, pousse d\u2019\u00e9pinard, roquette, noisettes, Pain Mon petit pot de concombre \u00e0 la cr\u00e8me persill\u00e9 Torsade Rainbow (Salade de p\u00e2tes) Color\u00e9 de tomate cerise,<\/p><p class=\"p1\">D\u00e9s de jambon, saucisson (sans porc) D\u00e9s de gruy\u00e8re, Vinaigrette cr\u00e9meuse moutarde, cr\u00e8me, huile d\u2019olive.<\/p><p class=\"p1\">LES PLATEAUX DE FROMAGES Assortiment de fromage de nos r\u00e9gions<\/p><p class=\"p1\">Mini crumble Pomme Mini cheesecake tendance du moment Brochette de fruits (de saison)<\/p><p class=\"p2\"><b>\u00a0<\/b><\/p><p class=\"p1\"><b>SIMPLEMENT ROUGE<\/b><\/p><p class=\"p1\">CHOUX CHINOIS Concombre, feta, quartier de poire, d\u2019\u00e9pinard, roquette<\/p><p class=\"p1\">Magret de canard s\u00e9ch\u00e9 et \u00e9pic\u00e9, Sauce herbes, yaourt grec M\u00e9li M\u00e9lo bl\u00e9, \u00e9peautre et fromage de brebis Riz noir marin\u00e9 (djondjon) Beignet de crevette qui pique Brochette de poulet yakitori<\/p><p class=\"p1\">\u00a0PLATEAU DE FROMAGES PLATEAU DE CHARCUTERIE<\/p><p class=\"p1\">Assortiment de macarons Fondant chocolat coulant noisette Amandier perle de sucre sans gluten<\/p><p class=\"p2\"><b>\u00a0<\/b><\/p><p class=\"p1\"><span class=\"s1\"><b>SIMPLEMENT VERT<\/b><\/span><\/p><p class=\"p1\">SALADE C\u00c9SAR Coeur de laitue romaine, copeau de parmesan, crouton \u00c9minc\u00e9 de blanc de poulet r\u00f4ti Vinaigrette \u00e0 l\u2019ail des ours \u00a0<\/p><p class=\"p1\">Mon petit pot de concombre \u00e0 la cr\u00e8me persill\u00e9<\/p><p class=\"p1\">Pomme de terre \u00e9chalote, ail D\u00e9s de jambon, \u0153uf dur, petit pois, Vinaigrette, Pain<\/p><p class=\"p1\">LES PLATEAUX DE FROMAGES\u00a0: Assortiment de fromage de nos r\u00e9gions<\/p><p class=\"p1\">Mini crumble Pomme Mini cheesecake tendance du moment Brochette de fruits (de saison)\u00a0<\/p><p class=\"p2\"><b>\u00a0<\/b><\/p><p class=\"p1\"><b>Coffret Repas :<\/b><\/p><p class=\"p1\">Le plaisir de bien manger, m\u00eame en r\u00e9union\u00a0!<\/p><p class=\"p1\">Nos coffrets repas sont con\u00e7us pour vos d\u00e9jeuners d\u2019affaires, formation ou r\u00e9unions professionnels. Frais, vari\u00e9s et fait maison, ils s\u2019adaptent \u00e0 toutes les envies et contraintes de vos \u00e9quipes. Nous vous livrons des repas complets, \u00e9quilibr\u00e9s et faciles \u00e0 d\u00e9guster pour que chaque pause devienne un vrai moment de plaisir partag\u00e9<\/p><p class=\"p1\"><span class=\"s1\">Tarif<\/span>\u00a0:\u00a0<b>\u00e0 partir de 23,50 \u20ac H.T par personne<\/b>.<\/p><p class=\"p1\"><b>\u00a0<\/b><\/p><p class=\"p1\"><b>Coffret ROUGE\u00a0:<\/b><\/p><p class=\"p1\"><span class=\"s1\"><b>ENTREE\u00a0:<\/b><\/span><\/p><p class=\"p1\">Color\u00e9e de tomate cerise<\/p><p class=\"p1\">Mesclun<\/p><p class=\"p1\">Bille de mozzarella<\/p><p class=\"p1\">Vinaigrette huile d\u2019olive balsamique<\/p><p class=\"p1\"><span class=\"s1\"><b>PLAT\u00a0:<\/b><\/span><\/p><p class=\"p1\">Eminc\u00e9 de poulet r\u00f4ti<\/p><p class=\"p1\">Sauce andalouse \u2013 crevette persillade \u2013 cr\u00e9meux citron<\/p><p class=\"p1\">Falafel et son petit pot de Tzatziki<\/p><p class=\"p1\">Torti de bl\u00e9 l\u00e9gumes de saison<\/p><p class=\"p1\"><span class=\"s1\"><b>DESSERT\u00a0:<\/b><\/span><\/p><p class=\"p1\">Cookies 3 chocolat<\/p><p class=\"p1\"><b>Coffret VERTS\u00a0:<\/b><\/p><p class=\"p1\"><span class=\"s1\"><b>ENTREE\u00a0:<\/b><\/span><\/p><p class=\"p1\">Salade de lentille<\/p><p class=\"p1\">Color\u00e9e de tomate cerise<\/p><p class=\"p1\">Bille de mozzarella<\/p><p class=\"p1\"><span class=\"s1\"><b>PLAT\u00a0:<\/b><\/span><\/p><p class=\"p1\">Taboul\u00e9 brunoise de poivrons, concombres. pois chiches, raisins sec ou cranberry.<\/p><p class=\"p1\"><span class=\"s1\"><b>DESSERT\u00a0:<\/b><\/span><\/p><p class=\"p1\">Tartelette alsacienne aux pommes<\/p><p class=\"p2\"><b>\u00a0<\/b><\/p><p class=\"p1\"><span class=\"s1\"><b>Coffret BLEUE\u00a0:<\/b><\/span><\/p><p class=\"p1\"><span class=\"s1\"><b>ENTREE\u00a0:<\/b><\/span><\/p><p class=\"p1\">Endives pickles d\u2019\u00e9chalotes, noix. Agrumes (de saison) Cr\u00e9meux Fourme d\u2019Ambert<\/p><p class=\"p1\"><span class=\"s1\"><b>PLAT\u00a0:<\/b><\/span><\/p><p class=\"p1\">Cube de saumon frais marin\u00e9.<\/p><p class=\"p1\">Fregola Sarda Pesto olive<\/p><p class=\"p1\"><span class=\"s1\"><b>DESSERT\u00a0:<\/b><\/span><\/p><p class=\"p1\">Fondant tout choco<\/p><p class=\"p2\"><b>\u00a0<\/b><\/p><p class=\"p1\"><span class=\"s1\"><b>Coffret ROUGE\u00a0:<\/b><\/span><\/p><p class=\"p1\"><b>ENTR\u00c9E\u00a0<\/b>:<\/p><p class=\"p1\">Verrine Houmous de pois chiche. Focaccia herbe de Provence.<\/p><p class=\"p1\"><span class=\"s1\"><b>PLAT\u00a0:<\/b><\/span><\/p><p class=\"p1\">\u00c9minc\u00e9 de poulet brais\u00e9<\/p><p class=\"p1\">Pomme de terre marin\u00e9e, \u00e9clats de ch\u00e2taigne, l\u00e9gumes grill\u00e9s, persillades.<\/p><p class=\"p1\"><span class=\"s1\"><b>DESSERT\u00a0:<\/b><\/span><\/p><p class=\"p1\">Macaron Mousse choco P\u00e9pite<\/p><p class=\"p2\"><b>\u00a0<\/b><\/p><p class=\"p1\"><b>\u00a0<\/b><\/p><p class=\"p1\"><b>Coffret JAUNE\u00a0:<\/b><\/p><p class=\"p1\"><b>ENTREE\u00a0:<\/b><\/p><p class=\"p1\">R\u00e2p\u00e9e de carotte jus d\u2019agrumes (Orange\/Citron)<\/p><p class=\"p1\">Navette de charcuterie de nos r\u00e9gion<\/p><p class=\"p1\"><span class=\"s1\"><b>PLAT\u00a0:<\/b><\/span><\/p><p class=\"p1\">Truite fum\u00e9e<\/p><p class=\"p1\">Orzo pesto vert, tomates s\u00e9ch\u00e9es.<\/p><p class=\"p1\"><span class=\"s1\"><b>DESSERT\u00a0:<\/b><\/span><\/p><p class=\"p1\">Brownie chocolat ou pistache coulis fruit rouge<\/p><p class=\"p1\">Laissez-vous tenter par nos gourmandises faites maison, des p\u00e2tisseries et viennoiseries qui allient tradition et saveurs.&#8221;Notre \u00e9quipe vous propose une large gamme de petits d\u00e9jeuners ou de pauses gourmandes \u00e0 composer selon vos besoins et vos envies pour vos s\u00e9minaires, vos r\u00e9unions, catering ou tout autre \u00e9v\u00e9nement<\/p><p class=\"p1\">Vous pouvez composer votre petit d\u00e9jeuner parmi les produits suivants :<\/p><p class=\"p1\">&#8211; \u00a0\u00a0\u00a0\u00a0\u00a0\u00a0\u00a0\u00a0\u00a0 Mini viennoiseries<br \/>&#8211;\u00a0\u00a0\u00a0\u00a0\u00a0\u00a0\u00a0\u00a0\u00a0\u00a0 Croissants, pains au chocolat, pains raisins, chausson aux pommes, brioche (pralin\u00e9, classique, suisse)<br \/>&#8211; \u00a0\u00a0\u00a0\u00a0\u00a0\u00a0\u00a0\u00a0\u00a0 Brochettes de fruits frais ou corbeille de fruits<br \/>&#8211; \u00a0\u00a0\u00a0\u00a0\u00a0\u00a0\u00a0\u00a0\u00a0 Petits fours tels que tartelettes, macarons, muffins, cookies, op\u00e9ras, financiers, madeleines, \u2026<br \/>&#8211; \u00a0\u00a0\u00a0\u00a0\u00a0\u00a0\u00a0\u00a0\u00a0 Jus de fruits (orange, citron, pamplemousse, pomme et fruits rouge)<\/p><p class=\"p1\">&#8211;\u00a0\u00a0\u00a0\u00a0\u00a0\u00a0\u00a0\u00a0\u00a0 The, Caf\u00e9, chocolat chaud<\/p><p class=\"p1\">&#8211;\u00a0\u00a0\u00a0\u00a0\u00a0\u00a0\u00a0\u00a0\u00a0 \u00a0<\/p><p class=\"p1\"><span class=\"s1\">Tarif<\/span>\u00a0:\u00a0<b>\u00e0 partir de 8.50\u20ac H.T par personne<\/b>.<\/p><p class=\"p1\"><span class=\"s1\"><b>Exemple de Petit D\u00e9jeuner\u00a0:<\/b><\/span><\/p><p class=\"p1\">3 minis Viennoiseries<\/p><p class=\"p1\">Jus Orange &amp; Pomme<\/p><p class=\"p1\">Caf\u00e9 \/ Th\u00e9 \/ Eau<\/p><p class=\"p1\">Chocolat Chaud.<\/p><p class=\"p1\"><span class=\"s1\"><b>Exemple de pauses Gourmandes\u00a0:<\/b><\/span><\/p><p class=\"p1\">3 P\u00e2tisseries<\/p><p class=\"p1\">(Financier, Muffins, Cookies)<\/p><p class=\"p1\">Jus de fruit<\/p><p class=\"p1\">Caf\u00e9 \/ Th\u00e9 \/ Eau<\/p><p class=\"p1\">Corbeille de fruits<\/p><p class=\"p1\">#48C4B7<\/p>\t\t\t\t\t\t\t\t<\/div>\n\t\t\t\t<div class=\"elementor-element elementor-element-ac40f26 elementor-widget elementor-widget-text-editor\" data-id=\"ac40f26\" data-element_type=\"widget\" data-e-type=\"widget\" data-widget_type=\"text-editor.default\">\n\t\t\t\t\t\t\t\t\t<p>Lorem ipsum dolor sit amet, consectetur adipiscing elit. Ut elit tellus, luctus nec ullamcorper mattis, pulvinar dapibus leo.<\/p>\t\t\t\t\t\t\t\t<\/div>\n\t\t\t\t<div class=\"elementor-element elementor-element-11ee0d6a elementor-skin-carousel elementor-widget elementor-widget-media-carousel\" data-id=\"11ee0d6a\" data-element_type=\"widget\" data-e-type=\"widget\" data-settings=\"{&quot;slides_per_view&quot;:&quot;5&quot;,&quot;slides_to_scroll&quot;:&quot;1&quot;,&quot;space_between&quot;:{&quot;unit&quot;:&quot;px&quot;,&quot;size&quot;:31,&quot;sizes&quot;:[]},&quot;slides_per_view_tablet&quot;:&quot;4&quot;,&quot;slides_per_view_mobile&quot;:&quot;2&quot;,&quot;skin&quot;:&quot;carousel&quot;,&quot;effect&quot;:&quot;slide&quot;,&quot;speed&quot;:500,&quot;autoplay&quot;:&quot;yes&quot;,&quot;autoplay_speed&quot;:5000,&quot;loop&quot;:&quot;yes&quot;,&quot;pause_on_hover&quot;:&quot;yes&quot;,&quot;pause_on_interaction&quot;:&quot;yes&quot;,&quot;space_between_tablet&quot;:{&quot;unit&quot;:&quot;px&quot;,&quot;size&quot;:10,&quot;sizes&quot;:[]},&quot;space_between_mobile&quot;:{&quot;unit&quot;:&quot;px&quot;,&quot;size&quot;:10,&quot;sizes&quot;:[]}}\" data-widget_type=\"media-carousel.default\">\n\t\t\t\t\t\t\t\t\t\t<div class=\"elementor-main-swiper swiper\" role=\"region\" aria-roledescription=\"carousel\" aria-label=\"pi\u00e8ces cocktails artisanales,\">\n\t\t\t\t<div class=\"swiper-wrapper\">\n\t\t\t\t\t\t\t\t\t\t\t<div class=\"swiper-slide\" role=\"group\" aria-roledescription=\"slide\">\n\t\t\t\t\t\t\t\t\t<div class=\"elementor-carousel-image\" role=\"img\" aria-label=\"9487\" style=\"background-image: url(&#039;https:\/\/couleursgourmandises.com\/wp-content\/uploads\/2025\/11\/9487-scaled.jpg&#039;)\">\n\n\t\t\t\n\t\t\t\t\t<\/div>\n\t\t\t\t\t\t\t\t<\/div>\n\t\t\t\t\t\t\t\t\t\t\t<div class=\"swiper-slide\" role=\"group\" aria-roledescription=\"slide\">\n\t\t\t\t\t\t\t\t\t<div class=\"elementor-carousel-image\" role=\"img\" aria-label=\"5991\" style=\"background-image: url(&#039;https:\/\/couleursgourmandises.com\/wp-content\/uploads\/2025\/11\/5991.jpg&#039;)\">\n\n\t\t\t\n\t\t\t\t\t<\/div>\n\t\t\t\t\t\t\t\t<\/div>\n\t\t\t\t\t\t\t\t\t\t\t<div class=\"swiper-slide\" role=\"group\" aria-roledescription=\"slide\">\n\t\t\t\t\t\t\t\t\t<div class=\"elementor-carousel-image\" role=\"img\" aria-label=\"6824\" style=\"background-image: url(&#039;https:\/\/couleursgourmandises.com\/wp-content\/uploads\/2025\/11\/6824-scaled.jpg&#039;)\">\n\n\t\t\t\n\t\t\t\t\t<\/div>\n\t\t\t\t\t\t\t\t<\/div>\n\t\t\t\t\t\t\t\t\t\t\t<div class=\"swiper-slide\" role=\"group\" aria-roledescription=\"slide\">\n\t\t\t\t\t\t\t\t\t<div class=\"elementor-carousel-image\" role=\"img\" aria-label=\"5988\" style=\"background-image: url(&#039;https:\/\/couleursgourmandises.com\/wp-content\/uploads\/2025\/11\/5988.jpg&#039;)\">\n\n\t\t\t\n\t\t\t\t\t<\/div>\n\t\t\t\t\t\t\t\t<\/div>\n\t\t\t\t\t\t\t\t\t\t\t<div class=\"swiper-slide\" role=\"group\" aria-roledescription=\"slide\">\n\t\t\t\t\t\t\t\t\t<div class=\"elementor-carousel-image\" role=\"img\" aria-label=\"5997\" style=\"background-image: url(&#039;https:\/\/couleursgourmandises.com\/wp-content\/uploads\/2025\/11\/5997.jpg&#039;)\">\n\n\t\t\t\n\t\t\t\t\t<\/div>\n\t\t\t\t\t\t\t\t<\/div>\n\t\t\t\t\t\t\t\t\t\t\t<div class=\"swiper-slide\" role=\"group\" aria-roledescription=\"slide\">\n\t\t\t\t\t\t\t\t\t<div class=\"elementor-carousel-image\" role=\"img\" aria-label=\"6574\" style=\"background-image: url(&#039;https:\/\/couleursgourmandises.com\/wp-content\/uploads\/2025\/11\/6574-scaled.jpg&#039;)\">\n\n\t\t\t\n\t\t\t\t\t<\/div>\n\t\t\t\t\t\t\t\t<\/div>\n\t\t\t\t\t\t\t\t\t\t\t<div class=\"swiper-slide\" role=\"group\" aria-roledescription=\"slide\">\n\t\t\t\t\t\t\t\t\t<div class=\"elementor-carousel-image\" role=\"img\" aria-label=\"5987\" style=\"background-image: url(&#039;https:\/\/couleursgourmandises.com\/wp-content\/uploads\/2025\/11\/5987.jpg&#039;)\">\n\n\t\t\t\n\t\t\t\t\t<\/div>\n\t\t\t\t\t\t\t\t<\/div>\n\t\t\t\t\t\t\t\t\t<\/div>\n\t\t\t\t\t\t\t\t\t\t\t\t\t\t\t\t\t\t\t\t\t<\/div>\n\t\t\t\t\t\t\t\t<\/div>\n\t\t<div class=\"elementor-element elementor-element-98e9ecc e-flex e-con-boxed e-con e-child\" data-id=\"98e9ecc\" data-element_type=\"container\" data-e-type=\"container\">\n\t\t\t\t\t<div class=\"e-con-inner\">\n\t\t\t\t<div class=\"elementor-element elementor-element-a534e2f elementor-align-center elementor-widget-mobile__width-inherit elementor-invisible elementor-widget elementor-widget-button\" data-id=\"a534e2f\" data-element_type=\"widget\" data-e-type=\"widget\" data-settings=\"{&quot;_animation&quot;:&quot;fadeInDown&quot;}\" data-widget_type=\"button.default\">\n\t\t\t\t\t\t\t\t\t\t<a class=\"elementor-button elementor-button-link elementor-size-sm\" href=\"https:\/\/couleursgourmandises.com\/index.php\/contact\/\">\n\t\t\t\t\t\t<span class=\"elementor-button-content-wrapper\">\n\t\t\t\t\t\t\t\t\t<span class=\"elementor-button-text\">Demander un devis<\/span>\n\t\t\t\t\t<\/span>\n\t\t\t\t\t<\/a>\n\t\t\t\t\t\t\t\t<\/div>\n\t\t\t\t\t<\/div>\n\t\t\t\t<\/div>\n\t\t\t\t<\/div>\n\t\t\t\t<\/div>\n\t\t","protected":false},"excerpt":{"rendered":"<p>Nos Formules Con\u00e7ues pour vos moments d\u2019exception. Que ce soit pour un mariage \u00e9l\u00e9gant, un cocktail d\u2019entreprise ou une r\u00e9ception priv\u00e9e, nos formules s\u2019adaptent \u00e0 vos envies et \u00e0 votre budget, sans jamais compromettre la qualit\u00e9 ni la cr\u00e9ativit\u00e9. Laissez vos papilles voyager\u00a0: nos pi\u00e8ces cocktails artisanales, fra\u00eecheur et saveurs garanties. Con\u00e7ues sur mesure selon [&hellip;]<\/p>\n","protected":false},"author":1,"featured_media":0,"parent":0,"menu_order":0,"comment_status":"closed","ping_status":"closed","template":"elementor_canvas","meta":{"_acf_changed":false,"footnotes":""},"class_list":["post-22","page","type-page","status-publish","hentry"],"acf":[],"_links":{"self":[{"href":"https:\/\/couleursgourmandises.com\/index.php\/wp-json\/wp\/v2\/pages\/22","targetHints":{"allow":["GET"]}}],"collection":[{"href":"https:\/\/couleursgourmandises.com\/index.php\/wp-json\/wp\/v2\/pages"}],"about":[{"href":"https:\/\/couleursgourmandises.com\/index.php\/wp-json\/wp\/v2\/types\/page"}],"author":[{"embeddable":true,"href":"https:\/\/couleursgourmandises.com\/index.php\/wp-json\/wp\/v2\/users\/1"}],"replies":[{"embeddable":true,"href":"https:\/\/couleursgourmandises.com\/index.php\/wp-json\/wp\/v2\/comments?post=22"}],"version-history":[{"count":28,"href":"https:\/\/couleursgourmandises.com\/index.php\/wp-json\/wp\/v2\/pages\/22\/revisions"}],"predecessor-version":[{"id":797,"href":"https:\/\/couleursgourmandises.com\/index.php\/wp-json\/wp\/v2\/pages\/22\/revisions\/797"}],"wp:attachment":[{"href":"https:\/\/couleursgourmandises.com\/index.php\/wp-json\/wp\/v2\/media?parent=22"}],"curies":[{"name":"wp","href":"https:\/\/api.w.org\/{rel}","templated":true}]}}